{"id":45,"date":"2022-07-07T12:28:44","date_gmt":"2022-07-07T12:28:44","guid":{"rendered":"http:\/\/www.exploregokova.com\/?page_id=45"},"modified":"2023-03-26T14:39:28","modified_gmt":"2023-03-26T14:39:28","slug":"yamac-parasutu","status":"publish","type":"page","link":"http:\/\/www.exploregokova.com\/?page_id=45","title":{"rendered":"Yama\u00e7 Para\u015f\u00fct\u00fc"},"content":{"rendered":"<\/p>\n<p><strong>\u00d6ren Yama\u00e7 para\u015f\u00fct\u00fc<\/strong>&nbsp;u\u00e7u\u015flar\u0131 620 metre y\u00fcksekli\u011fe sahip Alatepe Da\u011f\u2019 \u0131ndan yap\u0131lmaktad\u0131r. 620 metre y\u00fckseklikten kalk\u0131\u015f yap\u0131lmakta ve havan\u0131n durumuna 1000 metreye kadar \u00e7\u0131k\u0131labilmektedir. Ortalama u\u00e7u\u015f s\u00fcresi 10-15 dakikad\u0131r. \u00d6ren sahilden Alatepe para\u015f\u00fct kalk\u0131\u015f sahas\u0131na \u00fccretsiz transfer hizmeti sa\u011flamaktay\u0131z. Deneyimli pilotlar e\u015fli\u011finde tandem&nbsp;<strong>\u00d6ren yama\u00e7 para\u015f\u00fct\u00fc u\u00e7u\u015fu <\/strong>turu i\u00e7in rezervasyon yapt\u0131rabilirsiniz.<\/p>\n<figure class=\"wp-block-embed is-type-video is-provider-vimeo wp-block-embed-vimeo wp-embed-aspect-16-9 wp-has-aspect-ratio\">\n<div class=\"wp-block-embed__wrapper\">\n<iframe loading=\"lazy\" title=\"ALATEPE - ORDOST\" src=\"https:\/\/player.vimeo.com\/video\/261365369?h=029f838357&amp;dnt=1&amp;app_id=122963\" width=\"920\" height=\"518\" frameborder=\"0\" allow=\"autoplay; fullscreen; picture-in-picture\" allowfullscreen><\/iframe>\n<\/div>\n<\/figure>\n<p><mark style=\"background-color:rgba(0, 0, 0, 0)\" class=\"has-inline-color has-vivid-cyan-blue-color\"><strong>Rezervasyon Telefonu- WhatsApp : +90 535 237 27 14<\/strong><\/mark><\/p>\n<p>Bizleri arayarak&nbsp;hem rezervasyon ve de yama\u00e7 para\u015f\u00fct\u00fc u\u00e7u\u015fu hakk\u0131nda detayl\u0131 bilgi alabilirsiniz.<\/p>\n<p>Tandem dedi\u011fimiz  ikili yama\u00e7 para\u015f\u00fct\u00fc i\u00e7in deneyimli pilotlar\u0131m\u0131z tepede sizleri beklemekte ve u\u00e7u\u015funuz i\u00e7in t\u00fcm haz\u0131rl\u0131klar tamamlanm\u0131\u015f olacakt\u0131r. Sizler u\u00e7u\u015f tepesine ula\u015ft\u0131\u011f\u0131n\u0131zda tandem pilotlar\u0131m\u0131z sizlere ufak bir brifing verecektir. <\/p>\n<p>Yama\u00e7 para\u015f\u00fct\u00fc u\u00e7u\u015fu \u00f6ncesinde alaca\u011f\u0131n\u0131z brifingden sonra art\u0131k u\u00e7u\u015fa haz\u0131r olacaks\u0131n\u0131z. G\u00fcvenlik ekipmanlar\u0131n\u0131z, kask\u0131n\u0131z, harness\u2019 iniz ku\u015fan\u0131ld\u0131ktan sonra son kontrolleriniz yap\u0131lacakt\u0131r. Ve art\u0131k bundan sonra birka\u00e7 ad\u0131m atarak g\u00f6ky\u00fcz\u00fcne do\u011fru havalanacaks\u0131n\u0131z. 620 metrelik tepemizden yama\u00e7 para\u015f\u00fct\u00fc atlay\u0131\u015f\u0131 i\u00e7in havaland\u0131\u011f\u0131n\u0131zda pilotumuz sizleri e\u015fsiz manzaran\u0131n ve bu adrenalin y\u00fckl\u00fc sporun tad\u0131n\u0131 \u00e7\u0131kartmak i\u00e7in g\u00fcvenli u\u00e7u\u015f sa\u011flayacakt\u0131r. <\/p>\n<figure class=\"wp-block-embed is-type-video is-provider-vimeo wp-block-embed-vimeo wp-embed-aspect-16-9 wp-has-aspect-ratio\">\n<div class=\"wp-block-embed__wrapper\">\n<iframe loading=\"lazy\" title=\"ORDOST 25 TEMMUZ 2019\" src=\"https:\/\/player.vimeo.com\/video\/350141397?h=588d81e7f6&amp;dnt=1&amp;app_id=122963\" width=\"920\" height=\"518\" frameborder=\"0\" allow=\"autoplay; fullscreen; picture-in-picture\" allowfullscreen><\/iframe>\n<\/div>\n<\/figure>\n<p>Yama\u00e7 para\u015f\u00fct\u00fc ile tandem u\u00e7u\u015f turumuza ba\u015flad\u0131\u011f\u0131n\u0131zda pilotumuz aksiyon kameras\u0131 ile sizlerin foto\u011fraf ve videolar\u0131n\u0131 \u00e7ekmeye ba\u015flayacakt\u0131r. Tepeden ayr\u0131ld\u0131ktan k\u0131sa bir s\u00fcre sonra u\u00e7u\u015f g\u00fcvenli\u011fi pilotumuz taraf\u0131ndan sa\u011flan\u0131nca kamera ile \u00e7ekimler ba\u015flayacakt\u0131r. Hatta pilotumuz gerekli ayarlamalar\u0131 yapt\u0131ktan sonra kameray\u0131 sizlere verecek ve sizde bu g\u00fczel manzara e\u015fli\u011finde harika kareler yakalayacaks\u0131n\u0131z. Ayn\u0131 zamanda yama\u00e7 para\u015f\u00fct\u00fc u\u00e7u\u015funuzun videosu da \u00e7ekilmi\u015f olacakt\u0131r. <\/p>\n<div style=\"height:51px\" aria-hidden=\"true\" class=\"wp-block-spacer\"><\/div>\n<p class=\"has-text-align-center has-small-font-size\"><mark style=\"background-color:rgba(0, 0, 0, 0)\" class=\"has-inline-color has-luminous-vivid-orange-color\">T\u00fcm u\u00e7u\u015flar\u0131m\u0131z \u00fc\u00e7\u00fcnc\u00fc \u015fah\u0131s ve ferdi kaza poli\u00e7elidir.<\/mark><\/p>\n<p class=\"has-text-align-center has-small-font-size\"><mark style=\"background-color:rgba(0, 0, 0, 0)\" class=\"has-inline-color has-luminous-vivid-orange-color\">T\u00fcm ticari faliyetlerimiz Tursab A tipi acenta dahilinde yap\u0131lmaktad\u0131r.<\/mark><\/p>\n<\/p>\n<\/p>\n<\/p>\n<\/p>\n<\/p><\/p>\n","protected":false},"excerpt":{"rendered":"<p>\u00d6ren Yama\u00e7 para\u015f\u00fct\u00fc&nbsp;u\u00e7u\u015flar\u0131 620 metre y\u00fcksekli\u011fe sahip Alatepe Da\u011f\u2019 \u0131ndan yap\u0131lmaktad\u0131r. 620 metre y\u00fckseklikten kalk\u0131\u015f yap\u0131lmakta ve havan\u0131n durumuna 1000 metreye kadar \u00e7\u0131k\u0131labilmektedir. Ortalama u\u00e7u\u015f s\u00fcresi 10-15 dakikad\u0131r. \u00d6ren sahilden Alatepe para\u015f\u00fct kalk\u0131\u015f sahas\u0131na \u00fccretsiz transfer hizmeti sa\u011flamaktay\u0131z. Deneyimli pilotlar e\u015fli\u011finde tandem&nbsp;\u00d6ren yama\u00e7 para\u015f\u00fct\u00fc u\u00e7u\u015fu turu i\u00e7in rezervasyon yapt\u0131rabilirsiniz. Rezervasyon Telefonu- WhatsApp : +90 535 &#8230;<\/p>\n","protected":false},"author":1,"featured_media":0,"parent":0,"menu_order":0,"comment_status":"closed","ping_status":"closed","template":"","meta":{"footnotes":""},"class_list":["post-45","page","type-page","status-publish","hentry"],"_links":{"self":[{"href":"http:\/\/www.exploregokova.com\/index.php?rest_route=\/wp\/v2\/pages\/45","targetHints":{"allow":["GET"]}}],"collection":[{"href":"http:\/\/www.exploregokova.com\/index.php?rest_route=\/wp\/v2\/pages"}],"about":[{"href":"http:\/\/www.exploregokova.com\/index.php?rest_route=\/wp\/v2\/types\/page"}],"author":[{"embeddable":true,"href":"http:\/\/www.exploregokova.com\/index.php?rest_route=\/wp\/v2\/users\/1"}],"replies":[{"embeddable":true,"href":"http:\/\/www.exploregokova.com\/index.php?rest_route=%2Fwp%2Fv2%2Fcomments&post=45"}],"version-history":[{"count":22,"href":"http:\/\/www.exploregokova.com\/index.php?rest_route=\/wp\/v2\/pages\/45\/revisions"}],"predecessor-version":[{"id":457,"href":"http:\/\/www.exploregokova.com\/index.php?rest_route=\/wp\/v2\/pages\/45\/revisions\/457"}],"wp:attachment":[{"href":"http:\/\/www.exploregokova.com\/index.php?rest_route=%2Fwp%2Fv2%2Fmedia&parent=45"}],"curies":[{"name":"wp","href":"https:\/\/api.w.org\/{rel}","templated":true}]}}