{"id":304,"date":"2022-07-08T14:37:31","date_gmt":"2022-07-08T14:37:31","guid":{"rendered":"http:\/\/www.exploregokova.com\/?page_id=304"},"modified":"2022-07-12T15:13:25","modified_gmt":"2022-07-12T15:13:25","slug":"trekking","status":"publish","type":"page","link":"http:\/\/www.exploregokova.com\/?page_id=304","title":{"rendered":"Trekking\u00a0ve kampl\u0131 y\u00fcr\u00fcy\u00fc\u015fler"},"content":{"rendered":"<p>Milas ve \u00e7evresi trekking yapmak i\u00e7in bir \u00e7ok y\u00fcr\u00fcy\u00fc\u015f rotas\u0131na sahiptir. Bu rotalar\u0131n baz\u0131lar\u0131 olduk\u00e7a zor ve yorucu olmas\u0131na kar\u015f\u0131 baz\u0131 rotalar daha kolayd\u0131r. <strong>Karia yolu<\/strong> trekking rotas\u0131 800 km uzunlu\u011fu ile Akdeniz\u2019den Ege\u2019ye kadar uzanan T\u00fcrkiye\u2019nin en uzun mesafeli do\u011fa y\u00fcr\u00fcy\u00fc\u015f\u00fc rotas\u0131d\u0131r.&nbsp;Bir yada bir ka\u00e7 g\u00fcnl\u00fck programlar halinde rota planlayarak, y\u00fcr\u00fcy\u00fc\u015f\u00fcn sonunda y\u00fczme keyfi yap\u0131yoruz. Karia trekking turu antik kentler, antik limanlar, badem a\u011fa\u00e7lar\u0131, zeytin a\u011fa\u00e7lar\u0131, ta\u015f evlerden olu\u015fan k\u00f6yler ve e\u015fsiz kumsallar\u0131 i\u00e7erisinde bar\u0131nd\u0131rmaktad\u0131r. Rotalar k\u0131y\u0131lardaki, az e\u011fimli arazilerden olu\u015ftu\u011fu i\u00e7in keyifli ve kolay y\u00fcr\u00fcy\u00fc\u015fleri de i\u00e7ermektedir.&nbsp;<\/p>\n<figure class=\"wp-block-image size-large\"><img loading=\"lazy\" decoding=\"async\" width=\"1024\" height=\"623\" src=\"http:\/\/www.exploregokova.com\/wp-content\/uploads\/2022\/07\/EXPLORE_KANYONING-10-1024x623.jpg\" alt=\"\" class=\"wp-image-91\" srcset=\"http:\/\/www.exploregokova.com\/wp-content\/uploads\/2022\/07\/EXPLORE_KANYONING-10-1024x623.jpg 1024w, http:\/\/www.exploregokova.com\/wp-content\/uploads\/2022\/07\/EXPLORE_KANYONING-10-300x183.jpg 300w, http:\/\/www.exploregokova.com\/wp-content\/uploads\/2022\/07\/EXPLORE_KANYONING-10-768x467.jpg 768w, http:\/\/www.exploregokova.com\/wp-content\/uploads\/2022\/07\/EXPLORE_KANYONING-10-1536x935.jpg 1536w, http:\/\/www.exploregokova.com\/wp-content\/uploads\/2022\/07\/EXPLORE_KANYONING-10-325x198.jpg 325w, http:\/\/www.exploregokova.com\/wp-content\/uploads\/2022\/07\/EXPLORE_KANYONING-10.jpg 1775w\" sizes=\"auto, (max-width: 1024px) 100vw, 1024px\" \/><\/figure>\n<p>Trekking genelde gruplar halinde yap\u0131lan, bir noktadan di\u011fer bir noktaya varmak ama\u00e7l\u0131 yap\u0131lan, hafif tempolu y\u00fcr\u00fcy\u00fc\u015flerdir. Y\u00fcr\u00fcy\u00fc\u015f i\u00e7in uygun ekipman, su ve yeterli g\u0131da al\u0131narak, belirli saatlerde mola verilir ve g\u00fczergaha g\u00f6re toplamda olduk\u00e7a zorlu ini\u015f, t\u0131rman\u0131\u015f ve y\u00fcr\u00fcy\u00fc\u015fler ger\u00e7ekle\u015ftirilir. Rotaya g\u00f6re en az bir gece \u00e7ad\u0131rda kal\u0131nmaktad\u0131r.<\/p>\n<p>Bu zorlu y\u00fcr\u00fcy\u00fc\u015f i\u00e7in bir y\u00fcr\u00fcy\u00fc\u015f ayakkab\u0131s\u0131 ve orta boy bir s\u0131rt \u00e7antas\u0131 d\u0131\u015f\u0131nda teknik bir malzemeye ihtiyac\u0131n\u0131z yoktur. K\u0131yafet ve gerekli malzeme listesi rotaya g\u00f6re de\u011fi\u015fmektedir. L\u00fctfen rehberlerimizden bilgi al\u0131n\u0131z. Rehberlerimizin verecekleri k\u00fc\u00e7\u00fck ipu\u00e7lar\u0131 d\u0131\u015f\u0131nda teknik bir bilgiye sahip olman\u0131za da gerek yoktur. <\/p>\n<p><strong><mark style=\"background-color:rgba(0, 0, 0, 0)\" class=\"has-inline-color has-vivid-cyan-blue-color\">Trekking ve kampl\u0131 gezilerimiz i\u00e7in Rezervasyon Telefonu- WhatsApp : +90 535 237 27 14<\/mark><\/strong><\/p>\n<\/p>\n<figure class=\"wp-block-image size-large\"><img loading=\"lazy\" decoding=\"async\" width=\"1024\" height=\"637\" src=\"http:\/\/www.exploregokova.com\/wp-content\/uploads\/2022\/07\/EXPLORE_KANYONING-7-1024x637.jpg\" alt=\"\" class=\"wp-image-88\" srcset=\"http:\/\/www.exploregokova.com\/wp-content\/uploads\/2022\/07\/EXPLORE_KANYONING-7-1024x637.jpg 1024w, http:\/\/www.exploregokova.com\/wp-content\/uploads\/2022\/07\/EXPLORE_KANYONING-7-300x187.jpg 300w, http:\/\/www.exploregokova.com\/wp-content\/uploads\/2022\/07\/EXPLORE_KANYONING-7-768x478.jpg 768w, http:\/\/www.exploregokova.com\/wp-content\/uploads\/2022\/07\/EXPLORE_KANYONING-7-1536x956.jpg 1536w, http:\/\/www.exploregokova.com\/wp-content\/uploads\/2022\/07\/EXPLORE_KANYONING-7-318x198.jpg 318w, http:\/\/www.exploregokova.com\/wp-content\/uploads\/2022\/07\/EXPLORE_KANYONING-7.jpg 1736w\" sizes=\"auto, (max-width: 1024px) 100vw, 1024px\" \/><\/figure>\n<div style=\"height:100px\" aria-hidden=\"true\" class=\"wp-block-spacer\"><\/div>\n<p class=\"has-text-align-center\"><mark style=\"background-color:rgba(0, 0, 0, 0)\" class=\"has-inline-color has-luminous-vivid-orange-color\">T\u00fcm ticari faliyetlerimiz Tursab A tipi acenta dahilinde yap\u0131lmaktad\u0131r.<\/mark><\/p>\n","protected":false},"excerpt":{"rendered":"<p>Milas ve \u00e7evresi trekking yapmak i\u00e7in bir \u00e7ok y\u00fcr\u00fcy\u00fc\u015f rotas\u0131na sahiptir. Bu rotalar\u0131n baz\u0131lar\u0131 olduk\u00e7a zor ve yorucu olmas\u0131na kar\u015f\u0131 baz\u0131 rotalar daha kolayd\u0131r. Karia yolu trekking rotas\u0131 800 km uzunlu\u011fu ile Akdeniz\u2019den Ege\u2019ye kadar uzanan T\u00fcrkiye\u2019nin en uzun mesafeli do\u011fa y\u00fcr\u00fcy\u00fc\u015f\u00fc rotas\u0131d\u0131r.&nbsp;Bir yada bir ka\u00e7 g\u00fcnl\u00fck programlar halinde rota planlayarak, y\u00fcr\u00fcy\u00fc\u015f\u00fcn sonunda y\u00fczme keyfi &#8230;<\/p>\n","protected":false},"author":1,"featured_media":0,"parent":0,"menu_order":0,"comment_status":"closed","ping_status":"closed","template":"","meta":{"footnotes":""},"class_list":["post-304","page","type-page","status-publish","hentry"],"_links":{"self":[{"href":"http:\/\/www.exploregokova.com\/index.php?rest_route=\/wp\/v2\/pages\/304","targetHints":{"allow":["GET"]}}],"collection":[{"href":"http:\/\/www.exploregokova.com\/index.php?rest_route=\/wp\/v2\/pages"}],"about":[{"href":"http:\/\/www.exploregokova.com\/index.php?rest_route=\/wp\/v2\/types\/page"}],"author":[{"embeddable":true,"href":"http:\/\/www.exploregokova.com\/index.php?rest_route=\/wp\/v2\/users\/1"}],"replies":[{"embeddable":true,"href":"http:\/\/www.exploregokova.com\/index.php?rest_route=%2Fwp%2Fv2%2Fcomments&post=304"}],"version-history":[{"count":10,"href":"http:\/\/www.exploregokova.com\/index.php?rest_route=\/wp\/v2\/pages\/304\/revisions"}],"predecessor-version":[{"id":378,"href":"http:\/\/www.exploregokova.com\/index.php?rest_route=\/wp\/v2\/pages\/304\/revisions\/378"}],"wp:attachment":[{"href":"http:\/\/www.exploregokova.com\/index.php?rest_route=%2Fwp%2Fv2%2Fmedia&parent=304"}],"curies":[{"name":"wp","href":"https:\/\/api.w.org\/{rel}","templated":true}]}}