{"id":20,"date":"2022-07-07T11:46:24","date_gmt":"2022-07-07T11:46:24","guid":{"rendered":"http:\/\/www.exploregokova.com\/?page_id=20"},"modified":"2023-03-26T14:41:21","modified_gmt":"2023-03-26T14:41:21","slug":"kanyon-ve-doga-gezileri","status":"publish","type":"page","link":"http:\/\/www.exploregokova.com\/?page_id=20","title":{"rendered":"Kanyon ve g\u00fcn\u00fcbirlik geziler"},"content":{"rendered":"<p>Atlama, y\u00fczme ve t\u0131rmanma gibi kondisyon gerektiren zorlu bir spor olan canyoning, \u00f6zellikle son y\u0131llarda maceraperestlerin en s\u0131k tercih etti\u011fi ekstrem sporlardan biridir. \u00d6zel teknikler ve ekipmanlarla ger\u00e7ekle\u015ftirilen spor hem T\u00fcrkiye\u2019de hem de d\u00fcnyada b\u00fcy\u00fck ilgi g\u00f6r\u00fcr.<\/p>\n<p>Canyoning, farkl\u0131 spor bran\u015flar\u0131n\u0131n dik kayalarla \u00e7evrili derin kanyonlarda ger\u00e7ekle\u015ftirilmesi olarak tan\u0131mlanabilir.&nbsp;<strong>Kanyon ge\u00e7i\u015fi<\/strong>&nbsp;olarak da ifade edilen spor, \u00e7e\u015fitli zorluk seviyelerine sahip olan parkurlarda hem amat\u00f6rler hem de profesyoneller taraf\u0131ndan yap\u0131labilir.<\/p>\n<p>\u00d6ren ve \u00e7evresindeki kanyonlar\u0131 gezmek, serin suda serinlemek ve kanyonda fotograf \u00e7ekmek i\u00e7in gezilerimize kat\u0131labilirsiniz. <\/p>\n<p><strong><mark style=\"background-color:rgba(0, 0, 0, 0)\" class=\"has-inline-color has-vivid-cyan-blue-color\">Kanyon gezileri i\u00e7in Rezervasyon Telefonu- WhatsApp : +90 535 237 27 14<\/mark><\/strong><\/p>\n<figure class=\"wp-block-embed is-type-video is-provider-vimeo wp-block-embed-vimeo wp-embed-aspect-16-9 wp-has-aspect-ratio\">\n<div class=\"wp-block-embed__wrapper\">\n<iframe loading=\"lazy\" src=\"https:\/\/player.vimeo.com\/video\/811750998?h=faa06c604f&amp;dnt=1&amp;app_id=122963\" width=\"920\" height=\"518\" frameborder=\"0\" allow=\"autoplay; fullscreen; picture-in-picture\" allowfullscreen><\/iframe>\n<\/div>\n<\/figure>\n<figure class=\"wp-block-image size-large\"><img loading=\"lazy\" decoding=\"async\" width=\"1024\" height=\"576\" src=\"http:\/\/www.exploregokova.com\/wp-content\/uploads\/2022\/07\/EXPLORE_KANYON-2-1024x576.jpg\" alt=\"\" class=\"wp-image-80\" srcset=\"http:\/\/www.exploregokova.com\/wp-content\/uploads\/2022\/07\/EXPLORE_KANYON-2-1024x576.jpg 1024w, http:\/\/www.exploregokova.com\/wp-content\/uploads\/2022\/07\/EXPLORE_KANYON-2-300x169.jpg 300w, http:\/\/www.exploregokova.com\/wp-content\/uploads\/2022\/07\/EXPLORE_KANYON-2-768x432.jpg 768w, http:\/\/www.exploregokova.com\/wp-content\/uploads\/2022\/07\/EXPLORE_KANYON-2-330x185.jpg 330w, http:\/\/www.exploregokova.com\/wp-content\/uploads\/2022\/07\/EXPLORE_KANYON-2.jpg 1080w\" sizes=\"auto, (max-width: 1024px) 100vw, 1024px\" \/><\/figure>\n<h2 class=\"wp-block-heading\">Canyoning \u0130\u00e7in Gerekli Malzemeler<\/h2>\n<h2 class=\"wp-block-heading\"><\/h2>\n<p>\u00d6ren ve \u00e7evresindeki kanyon gezilerinde malzeme listesi ve k\u0131yafet se\u00e7imi mevsime ve hava \u015fartlar\u0131na g\u00f6re de\u011fi\u015fmektedir. Ayakkab\u0131 ve k\u0131yafet se\u00e7iminiz i\u00e7in l\u00fctfen rehberlerimizden bilgi al\u0131n\u0131z. Di\u011fer gerekli  malzemeler taraf\u0131m\u0131zca kar\u015f\u0131lanacakt\u0131r.<\/p>\n<p>Canyoning, kanyonlar\u0131n yap\u0131s\u0131na g\u00f6re sporcular i\u00e7in zaman zaman tehlikeli olabilir. Kaya t\u0131rman\u0131\u015flar\u0131 s\u0131ras\u0131nda d\u00fc\u015fmeler ya da ta\u015flar\u0131n yerinden oynamas\u0131 nedeniyle yaralanmalar ya\u015fanabilir. B\u00fcy\u00fck k\u00fctlelerin yer ald\u0131\u011f\u0131 kanyonlarda bu k\u00fctleler bir ki\u015finin a\u011f\u0131rl\u0131\u011f\u0131n\u0131 kald\u0131ramayacak yap\u0131ya sahip olabilir. Bu gibi durumlar i\u00e7in kullan\u0131lacak dayan\u0131kl\u0131 materyallerin \u00f6nemi bir kat daha artar.<\/p>\n<h4 class=\"wp-block-heading\"><strong><em>Kask<\/em><\/strong><\/h4>\n<p>\u00d6zellikle kanyon i\u00e7indeki \u00e7ok dar ge\u00e7itlerden ge\u00e7erken olas\u0131 tehlikelere kar\u015f\u0131 korunmak \u00fczere kafa fenerine sahip kasklar kullan\u0131lmas\u0131 gerekir. \u0130ni\u015f ve t\u0131rman\u0131\u015flarda sporcular\u0131n kafalar\u0131na alaca\u011f\u0131 darbeleri \u00f6nleyici dayan\u0131kl\u0131l\u0131kta olan kasklar tercih edilmelidir.<\/p>\n<h4 class=\"wp-block-heading\"><strong><em>Wetsuit<\/em><\/strong><\/h4>\n<p>Neopren dal\u0131\u015f elbiseleri ile yap\u0131lan canyoning \u00f6zellikle y\u00fczme s\u0131ras\u0131nda sporcular\u0131n \u00fc\u015f\u00fcmesini \u00f6nler. Wetsuit i\u00e7ine ise \u00e7o\u011fu sporcu termal k\u0131yafetler giyerek ekstra koruma sa\u011flar. Bununla birlikte, pamuklu herhengi bir k\u0131yafet yerine mayo ya da bikini de wetsuitlerin alt\u0131nda yeterli olacakt\u0131r.<\/p>\n<h4 class=\"wp-block-heading\"><strong><em>Emniyet Halat\u0131 ve Kurtarma \u0130pi<\/em><\/strong><\/h4>\n<p>Kaya t\u0131rman\u0131\u015flar\u0131nda ve ini\u015flerde statik ve esnek yap\u0131da olmayan ip ve halatlar kullan\u0131l\u0131r. Esneyen ipler sporcular\u0131n g\u00fcvenli\u011fini riske atar. Temel halatlar\u0131n yan\u0131 s\u0131ra ortalama 5 metre olan yard\u0131mc\u0131 ipler de, sporcular\u0131n yan\u0131nda ta\u015f\u0131mas\u0131 gereken ekipmanlar aras\u0131ndad\u0131r.&nbsp;<\/p>\n<h4 class=\"wp-block-heading\"><strong><em>Ayakkab\u0131<\/em><\/strong><\/h4>\n<p>Sa\u011flam bir ayakkab\u0131 ya da su ge\u00e7irmez \u00f6zelli\u011fe sahip botlar canyoning sporunun olmazsa olmazlar\u0131 aras\u0131nda bulunur. Tabanlar\u0131 kal\u0131n ve s\u00fcrt\u00fcnme katsay\u0131s\u0131 y\u00fcksek ayakkab\u0131lar atlama ve z\u0131plamalarda kaymalar\u0131 \u00f6nleyecektir.&nbsp;<\/p>\n<p class=\"has-text-align-center\"><mark style=\"background-color:rgba(0, 0, 0, 0)\" class=\"has-inline-color has-luminous-vivid-orange-color\">T\u00fcm ticari faliyetlerimiz Tursab A tipi acenta dahilinde yap\u0131lmaktad\u0131r.<\/mark><\/p>\n","protected":false},"excerpt":{"rendered":"<p>Atlama, y\u00fczme ve t\u0131rmanma gibi kondisyon gerektiren zorlu bir spor olan canyoning, \u00f6zellikle son y\u0131llarda maceraperestlerin en s\u0131k tercih etti\u011fi ekstrem sporlardan biridir. \u00d6zel teknikler ve ekipmanlarla ger\u00e7ekle\u015ftirilen spor hem T\u00fcrkiye\u2019de hem de d\u00fcnyada b\u00fcy\u00fck ilgi g\u00f6r\u00fcr. Canyoning, farkl\u0131 spor bran\u015flar\u0131n\u0131n dik kayalarla \u00e7evrili derin kanyonlarda ger\u00e7ekle\u015ftirilmesi olarak tan\u0131mlanabilir.&nbsp;Kanyon ge\u00e7i\u015fi&nbsp;olarak da ifade edilen spor, \u00e7e\u015fitli &#8230;<\/p>\n","protected":false},"author":1,"featured_media":0,"parent":0,"menu_order":0,"comment_status":"closed","ping_status":"closed","template":"","meta":{"footnotes":""},"class_list":["post-20","page","type-page","status-publish","hentry"],"_links":{"self":[{"href":"http:\/\/www.exploregokova.com\/index.php?rest_route=\/wp\/v2\/pages\/20","targetHints":{"allow":["GET"]}}],"collection":[{"href":"http:\/\/www.exploregokova.com\/index.php?rest_route=\/wp\/v2\/pages"}],"about":[{"href":"http:\/\/www.exploregokova.com\/index.php?rest_route=\/wp\/v2\/types\/page"}],"author":[{"embeddable":true,"href":"http:\/\/www.exploregokova.com\/index.php?rest_route=\/wp\/v2\/users\/1"}],"replies":[{"embeddable":true,"href":"http:\/\/www.exploregokova.com\/index.php?rest_route=%2Fwp%2Fv2%2Fcomments&post=20"}],"version-history":[{"count":13,"href":"http:\/\/www.exploregokova.com\/index.php?rest_route=\/wp\/v2\/pages\/20\/revisions"}],"predecessor-version":[{"id":459,"href":"http:\/\/www.exploregokova.com\/index.php?rest_route=\/wp\/v2\/pages\/20\/revisions\/459"}],"wp:attachment":[{"href":"http:\/\/www.exploregokova.com\/index.php?rest_route=%2Fwp%2Fv2%2Fmedia&parent=20"}],"curies":[{"name":"wp","href":"https:\/\/api.w.org\/{rel}","templated":true}]}}