{"id":14,"date":"2022-07-07T11:44:57","date_gmt":"2022-07-07T11:44:57","guid":{"rendered":"http:\/\/www.exploregokova.com\/?page_id=14"},"modified":"2022-08-21T19:32:08","modified_gmt":"2022-08-21T19:32:08","slug":"iletisim","status":"publish","type":"page","link":"http:\/\/www.exploregokova.com\/?page_id=14","title":{"rendered":"\u0130leti\u015fim"},"content":{"rendered":"<div class=\"wp-block-image\">\n<figure class=\"aligncenter size-full is-resized\"><img loading=\"lazy\" decoding=\"async\" src=\"http:\/\/www.exploregokova.com\/wp-content\/uploads\/2022\/07\/ordost-logo.png\" alt=\"\" class=\"wp-image-158\" width=\"200\" height=\"180\" srcset=\"http:\/\/www.exploregokova.com\/wp-content\/uploads\/2022\/07\/ordost-logo.png 800w, http:\/\/www.exploregokova.com\/wp-content\/uploads\/2022\/07\/ordost-logo-300x270.png 300w, http:\/\/www.exploregokova.com\/wp-content\/uploads\/2022\/07\/ordost-logo-768x691.png 768w, http:\/\/www.exploregokova.com\/wp-content\/uploads\/2022\/07\/ordost-logo-220x198.png 220w\" sizes=\"auto, (max-width: 200px) 100vw, 200px\" \/><\/figure>\n<\/div>\n<p class=\"has-text-align-center has-medium-font-size\"><strong>\u00d6rdost Do\u011fa Sporlar\u0131 Derne\u011fi<\/strong><\/p>\n<p class=\"has-text-align-center\">Adres:  Yal\u0131 Mahallesi. Atat\u00fcrk Bulvar\u0131. \u0130skele Meydan\u0131.<br \/>\u00d6ren \/ Milas \/ Mu\u011fla<\/p>\n<p class=\"has-text-align-center\">Telefon &#8211; WhatsApp : +90 535 237 27 14<\/p>\n<figure class=\"wp-block-image size-large\"><img loading=\"lazy\" decoding=\"async\" width=\"1024\" height=\"365\" src=\"http:\/\/www.exploregokova.com\/wp-content\/uploads\/2022\/07\/ordost-iletisim-1-1024x365.jpg\" alt=\"\" class=\"wp-image-125\" srcset=\"http:\/\/www.exploregokova.com\/wp-content\/uploads\/2022\/07\/ordost-iletisim-1-1024x365.jpg 1024w, http:\/\/www.exploregokova.com\/wp-content\/uploads\/2022\/07\/ordost-iletisim-1-300x107.jpg 300w, http:\/\/www.exploregokova.com\/wp-content\/uploads\/2022\/07\/ordost-iletisim-1-768x274.jpg 768w, http:\/\/www.exploregokova.com\/wp-content\/uploads\/2022\/07\/ordost-iletisim-1-1536x547.jpg 1536w, http:\/\/www.exploregokova.com\/wp-content\/uploads\/2022\/07\/ordost-iletisim-1-330x118.jpg 330w, http:\/\/www.exploregokova.com\/wp-content\/uploads\/2022\/07\/ordost-iletisim-1.jpg 1920w\" sizes=\"auto, (max-width: 1024px) 100vw, 1024px\" \/><\/figure>\n<div style=\"height:20px\" aria-hidden=\"true\" class=\"wp-block-spacer\"><\/div>\n<p class=\"has-vivid-cyan-blue-color has-text-color\"><strong>P\u0130LOTLARIMIZ<\/strong><\/p>\n<div class=\"wp-block-columns is-layout-flex wp-container-core-columns-is-layout-9d6595d7 wp-block-columns-is-layout-flex\">\n<div class=\"wp-block-column is-layout-flow wp-block-column-is-layout-flow\">\n<figure class=\"wp-block-image size-large\"><a href=\"http:\/\/www.exploregokova.com\/wp-content\/uploads\/2022\/07\/AYHAN-copy-scaled.jpg\"><img loading=\"lazy\" decoding=\"async\" width=\"1024\" height=\"576\" src=\"http:\/\/www.exploregokova.com\/wp-content\/uploads\/2022\/07\/AYHAN-copy-1024x576.jpg\" alt=\"\" class=\"wp-image-72\" srcset=\"http:\/\/www.exploregokova.com\/wp-content\/uploads\/2022\/07\/AYHAN-copy-1024x576.jpg 1024w, http:\/\/www.exploregokova.com\/wp-content\/uploads\/2022\/07\/AYHAN-copy-300x169.jpg 300w, http:\/\/www.exploregokova.com\/wp-content\/uploads\/2022\/07\/AYHAN-copy-768x432.jpg 768w, http:\/\/www.exploregokova.com\/wp-content\/uploads\/2022\/07\/AYHAN-copy-1536x864.jpg 1536w, http:\/\/www.exploregokova.com\/wp-content\/uploads\/2022\/07\/AYHAN-copy-2048x1152.jpg 2048w, http:\/\/www.exploregokova.com\/wp-content\/uploads\/2022\/07\/AYHAN-copy-330x186.jpg 330w\" sizes=\"auto, (max-width: 1024px) 100vw, 1024px\" \/><\/a><\/figure>\n<p>Ayhan \u00d6ZT\u00dcRK<\/p>\n<p class=\"has-vivid-cyan-blue-color has-text-color\">+90 535 237 27 14<\/p>\n<\/div>\n<div class=\"wp-block-column is-layout-flow wp-block-column-is-layout-flow\">\n<figure class=\"wp-block-image size-large\"><a href=\"http:\/\/www.exploregokova.com\/wp-content\/uploads\/2022\/07\/CEMAL.jpg\"><img loading=\"lazy\" decoding=\"async\" width=\"1024\" height=\"576\" src=\"http:\/\/www.exploregokova.com\/wp-content\/uploads\/2022\/07\/CEMAL-1024x576.jpg\" alt=\"\" class=\"wp-image-73\" srcset=\"http:\/\/www.exploregokova.com\/wp-content\/uploads\/2022\/07\/CEMAL-1024x576.jpg 1024w, http:\/\/www.exploregokova.com\/wp-content\/uploads\/2022\/07\/CEMAL-300x169.jpg 300w, http:\/\/www.exploregokova.com\/wp-content\/uploads\/2022\/07\/CEMAL-768x432.jpg 768w, http:\/\/www.exploregokova.com\/wp-content\/uploads\/2022\/07\/CEMAL-330x186.jpg 330w, http:\/\/www.exploregokova.com\/wp-content\/uploads\/2022\/07\/CEMAL.jpg 1208w\" sizes=\"auto, (max-width: 1024px) 100vw, 1024px\" \/><\/a><\/figure>\n<p>Zayim Cemal ALTAY<\/p>\n<p class=\"has-vivid-cyan-blue-color has-text-color\">+90 543 926 15 25<\/p>\n<\/div>\n<div class=\"wp-block-column is-layout-flow wp-block-column-is-layout-flow\">\n<figure class=\"wp-block-image size-full\"><a href=\"http:\/\/www.exploregokova.com\/wp-content\/uploads\/2022\/07\/EROL-copy.jpg\"><img loading=\"lazy\" decoding=\"async\" width=\"571\" height=\"321\" src=\"http:\/\/www.exploregokova.com\/wp-content\/uploads\/2022\/07\/EROL-copy.jpg\" alt=\"\" class=\"wp-image-121\" srcset=\"http:\/\/www.exploregokova.com\/wp-content\/uploads\/2022\/07\/EROL-copy.jpg 571w, http:\/\/www.exploregokova.com\/wp-content\/uploads\/2022\/07\/EROL-copy-300x169.jpg 300w, http:\/\/www.exploregokova.com\/wp-content\/uploads\/2022\/07\/EROL-copy-330x186.jpg 330w\" sizes=\"auto, (max-width: 571px) 100vw, 571px\" \/><\/a><\/figure>\n<p>Erol DEM\u0130RTA\u015e<\/p>\n<p class=\"has-vivid-cyan-blue-color has-text-color\">+90 505 418 18 84<\/p>\n<\/div>\n<\/div>\n<div class=\"wp-block-columns is-layout-flex wp-container-core-columns-is-layout-9d6595d7 wp-block-columns-is-layout-flex\">\n<div class=\"wp-block-column is-layout-flow wp-block-column-is-layout-flow\">\n<figure class=\"wp-block-image size-large\"><a href=\"http:\/\/www.exploregokova.com\/wp-content\/uploads\/2022\/07\/Tanju-Kuzu-Pilot.jpg\"><img loading=\"lazy\" decoding=\"async\" width=\"1024\" height=\"618\" src=\"http:\/\/www.exploregokova.com\/wp-content\/uploads\/2022\/07\/Tanju-Kuzu-Pilot-1024x618.jpg\" alt=\"\" class=\"wp-image-409\" srcset=\"http:\/\/www.exploregokova.com\/wp-content\/uploads\/2022\/07\/Tanju-Kuzu-Pilot-1024x618.jpg 1024w, http:\/\/www.exploregokova.com\/wp-content\/uploads\/2022\/07\/Tanju-Kuzu-Pilot-300x181.jpg 300w, http:\/\/www.exploregokova.com\/wp-content\/uploads\/2022\/07\/Tanju-Kuzu-Pilot-768x463.jpg 768w, http:\/\/www.exploregokova.com\/wp-content\/uploads\/2022\/07\/Tanju-Kuzu-Pilot-1536x926.jpg 1536w, http:\/\/www.exploregokova.com\/wp-content\/uploads\/2022\/07\/Tanju-Kuzu-Pilot-328x198.jpg 328w, http:\/\/www.exploregokova.com\/wp-content\/uploads\/2022\/07\/Tanju-Kuzu-Pilot.jpg 1920w\" sizes=\"auto, (max-width: 1024px) 100vw, 1024px\" \/><\/a><\/figure>\n<p>Pilot &#8211; Tanju KUZU <\/p>\n<\/div>\n<div class=\"wp-block-column is-layout-flow wp-block-column-is-layout-flow\">\n<figure class=\"wp-block-image size-full\"><a href=\"http:\/\/www.exploregokova.com\/wp-content\/uploads\/2022\/07\/SAVAS-YIKILMAZ-pilot.jpg\"><img loading=\"lazy\" decoding=\"async\" width=\"720\" height=\"439\" src=\"http:\/\/www.exploregokova.com\/wp-content\/uploads\/2022\/07\/SAVAS-YIKILMAZ-pilot.jpg\" alt=\"\" class=\"wp-image-412\" srcset=\"http:\/\/www.exploregokova.com\/wp-content\/uploads\/2022\/07\/SAVAS-YIKILMAZ-pilot.jpg 720w, http:\/\/www.exploregokova.com\/wp-content\/uploads\/2022\/07\/SAVAS-YIKILMAZ-pilot-300x183.jpg 300w, http:\/\/www.exploregokova.com\/wp-content\/uploads\/2022\/07\/SAVAS-YIKILMAZ-pilot-325x198.jpg 325w\" sizes=\"auto, (max-width: 720px) 100vw, 720px\" \/><\/a><\/figure>\n<p class=\"has-black-color has-text-color\">Pilot &#8211; Sava\u015f YIKILMAZ<\/p>\n<\/div>\n<div class=\"wp-block-column is-layout-flow wp-block-column-is-layout-flow\">\n<figure class=\"wp-block-image size-large\"><img loading=\"lazy\" decoding=\"async\" width=\"1024\" height=\"461\" src=\"http:\/\/www.exploregokova.com\/wp-content\/uploads\/2022\/08\/Alaaddin-Ozcan-1024x461.jpg\" alt=\"\" class=\"wp-image-428\" srcset=\"http:\/\/www.exploregokova.com\/wp-content\/uploads\/2022\/08\/Alaaddin-Ozcan-1024x461.jpg 1024w, http:\/\/www.exploregokova.com\/wp-content\/uploads\/2022\/08\/Alaaddin-Ozcan-300x135.jpg 300w, http:\/\/www.exploregokova.com\/wp-content\/uploads\/2022\/08\/Alaaddin-Ozcan-768x345.jpg 768w, http:\/\/www.exploregokova.com\/wp-content\/uploads\/2022\/08\/Alaaddin-Ozcan-1536x691.jpg 1536w, http:\/\/www.exploregokova.com\/wp-content\/uploads\/2022\/08\/Alaaddin-Ozcan-330x148.jpg 330w, http:\/\/www.exploregokova.com\/wp-content\/uploads\/2022\/08\/Alaaddin-Ozcan.jpg 2048w\" sizes=\"auto, (max-width: 1024px) 100vw, 1024px\" \/><figcaption>Alaaddin \u00d6zcan<\/figcaption><\/figure>\n<p class=\"has-vivid-cyan-blue-color has-text-color\">\n<\/div>\n<\/div>\n<div style=\"height:28px\" aria-hidden=\"true\" class=\"wp-block-spacer\"><\/div>\n<\/p>\n<p><iframe src=\"https:\/\/www.google.com\/maps\/embed?pb=!1m14!1m8!1m3!1d12741.247440300604!2d27.9717677!3d37.0262099!3m2!1i1024!2i768!4f13.1!3m3!1m2!1s0x0%3A0x68fefccc3c710f30!2zw5ZyZW4gWWFtYcOnIFBhcmHFn8O8dMO8ICjDllJET1NUIERlcm5lxJ9pIMSwbmnFnyBBbGFuxLEp!5e0!3m2!1str!2str!4v1657198609816!5m2!1str!2str\" width=\"950\" height=\"600\" style=\"border:0;\" allowfullscreen=\"\" loading=\"lazy\" referrerpolicy=\"no-referrer-when-downgrade\"><\/iframe><\/p>\n<div style=\"height:100px\" aria-hidden=\"true\" class=\"wp-block-spacer\"><\/div>\n","protected":false},"excerpt":{"rendered":"<p>\u00d6rdost Do\u011fa Sporlar\u0131 Derne\u011fi Adres: Yal\u0131 Mahallesi. Atat\u00fcrk Bulvar\u0131. \u0130skele Meydan\u0131.\u00d6ren \/ Milas \/ Mu\u011fla Telefon &#8211; WhatsApp : +90 535 237 27 14 P\u0130LOTLARIMIZ Ayhan \u00d6ZT\u00dcRK +90 535 237 27 14 Zayim Cemal ALTAY +90 543 926 15 25 Erol DEM\u0130RTA\u015e +90 505 418 18 84 Pilot &#8211; Tanju KUZU Pilot &#8211; Sava\u015f YIKILMAZ<\/p>\n","protected":false},"author":1,"featured_media":0,"parent":0,"menu_order":0,"comment_status":"closed","ping_status":"closed","template":"","meta":{"footnotes":""},"class_list":["post-14","page","type-page","status-publish","hentry"],"_links":{"self":[{"href":"http:\/\/www.exploregokova.com\/index.php?rest_route=\/wp\/v2\/pages\/14","targetHints":{"allow":["GET"]}}],"collection":[{"href":"http:\/\/www.exploregokova.com\/index.php?rest_route=\/wp\/v2\/pages"}],"about":[{"href":"http:\/\/www.exploregokova.com\/index.php?rest_route=\/wp\/v2\/types\/page"}],"author":[{"embeddable":true,"href":"http:\/\/www.exploregokova.com\/index.php?rest_route=\/wp\/v2\/users\/1"}],"replies":[{"embeddable":true,"href":"http:\/\/www.exploregokova.com\/index.php?rest_route=%2Fwp%2Fv2%2Fcomments&post=14"}],"version-history":[{"count":28,"href":"http:\/\/www.exploregokova.com\/index.php?rest_route=\/wp\/v2\/pages\/14\/revisions"}],"predecessor-version":[{"id":430,"href":"http:\/\/www.exploregokova.com\/index.php?rest_route=\/wp\/v2\/pages\/14\/revisions\/430"}],"wp:attachment":[{"href":"http:\/\/www.exploregokova.com\/index.php?rest_route=%2Fwp%2Fv2%2Fmedia&parent=14"}],"curies":[{"name":"wp","href":"https:\/\/api.w.org\/{rel}","templated":true}]}}